{"id":4827,"date":"2015-09-26T07:35:48","date_gmt":"2015-09-26T07:35:48","guid":{"rendered":"https:\/\/axing.com\/en\/service\/axing-hilft\/"},"modified":"2020-01-25T13:39:07","modified_gmt":"2020-01-25T12:39:07","slug":"axing-hilft","status":"publish","type":"page","link":"https:\/\/axing.com\/en\/service\/axing-hilft\/","title":{"rendered":"AXING hilft"},"content":{"rendered":"<h1>Die richtigen Produkte auszuw\u00e4hlen &#8211; einfacher als gedacht!<\/h1>\n<div class=\"row clearfix\">\n<div class=\"box two-three \">\n<p>Als Partner internationaler namhafter Kabelnetzbetreiber sind h\u00f6chste Qualit\u00e4tsanforderungen und Langlebigkeit eine Grundanforderung an unsere Produkte. Kundenzufriedenheit ist unser oberstes Ziel, was durch Preisw\u00fcrdigkeit, Nachhaltigkeit, Liefertreue, wie auch einem sehr guten After Sales gew\u00e4hrleistet wird. Schweizerisches Qualit\u00e4tsbewusstsein in Verbindung mit optimierten Fertigungsprozessen und \u2013standorten f\u00fchrten in den letzten 20 Jahren zu einer hohen technischen Kompetenz, um unserem Anspruch st\u00e4ndiger Innovationen gerecht zu werden.<\/p>\n<p>Auf den folgenden Seiten wollen wir Sie dabei unterst\u00fctzen, die notwendigen und richtigen Produkte f\u00fcr Ihre Applikation auszuw\u00e4hlen. Dank unserem kompletten Sortiment ist es einfacher als Sie vieleicht denken, Signale zu empfangen, sie zu verteilen und hochwertige Multimediainhalte am Bildschirm anzuzeigen.<br \/>\n<\/div>\n<div class=\"box three \">\n<a href=\"https:\/\/axing.com\/wp-content\/uploads\/2015\/09\/AXINGhilft-e1467053100947.png\"><img loading=\"lazy\" decoding=\"async\" class=\"alignnone wp-image-1522 size-medium\" src=\"https:\/\/axing.com\/wp-content\/uploads\/2015\/09\/AXINGhilft-e1467053100947-179x300.png\" width=\"179\" height=\"300\" srcset=\"https:\/\/axing.com\/wp-content\/uploads\/2015\/09\/AXINGhilft-e1467053100947-179x300.png 179w, https:\/\/axing.com\/wp-content\/uploads\/2015\/09\/AXINGhilft-e1467053100947.png 330w\" sizes=\"auto, (max-width: 179px) 100vw, 179px\" \/><\/a><br \/>\n<\/div>\n<\/div>\n<div class=\"row clearfix\">\n<div class=\"box five \">\n<article id=\"\" class=\"featured\" data-rt-animate=\"animate\" data-rt-animation-type=\"fadeIn\" data-rt-animation-group=\"single\"><div class=\"caption embedded \"><div class=\"featured_image_holder \"><a href=\"https:\/\/axing.com\/service\/axing-hilft\/sat-empfang\/\" title=\"SAT-Empfang\" target=\"_self\"><img decoding=\"async\" loading=\"lazy\" src=\"https:\/\/axing.com\/wp-content\/uploads\/2015\/09\/AXHilft_SAT.png\" alt=\"\" \/><\/a><\/div> <h3 class=\"featured_article_title \"><span class=\"icon-right-open  heading_icon icon-large\"><\/span> <a href=\"https:\/\/axing.com\/service\/axing-hilft\/sat-empfang\/\" title=\"SAT-Empfang\" target=\"_self\">SAT-Empfang<\/a><\/h3><\/div><div class=\"space margin-b20\"><\/div> <\/article>\n<\/div>\n<div class=\"box five \">\n<article id=\"\" class=\"featured\" data-rt-animate=\"animate\" data-rt-animation-type=\"fadeIn\" data-rt-animation-group=\"single\"><div class=\"caption embedded \"><div class=\"featured_image_holder \"><a href=\"https:\/\/axing.com\/service\/axing-hilft\/kabel-empfang\/\" title=\"Kabel-Empfang\" target=\"_self\"><img decoding=\"async\" loading=\"lazy\" src=\"https:\/\/axing.com\/wp-content\/uploads\/2015\/09\/AXHilft_DVB-C.png\" alt=\"\" \/><\/a><\/div> <h3 class=\"featured_article_title \"><span class=\"icon-right-open  heading_icon icon-large\"><\/span> <a href=\"https:\/\/axing.com\/service\/axing-hilft\/kabel-empfang\/\" title=\"Kabel-Empfang\" target=\"_self\">Kabel-Empfang<\/a><\/h3><\/div><div class=\"space margin-b20\"><\/div> <\/article>\n<\/div>\n<div class=\"box five \">\n<article id=\"\" class=\"featured\" data-rt-animate=\"animate\" data-rt-animation-type=\"fadeIn\" data-rt-animation-group=\"single\"><div class=\"caption embedded \"><div class=\"featured_image_holder \"><a href=\"https:\/\/axing.com\/dvb-t-empfang\/\" title=\"DVB-T\/T2-Empfang\" target=\"_self\"><img decoding=\"async\" loading=\"lazy\" src=\"https:\/\/axing.com\/wp-content\/uploads\/2015\/09\/AXHilft_DVB-T.png\" alt=\"\" \/><\/a><\/div> <h3 class=\"featured_article_title \"><span class=\"icon-right-open  heading_icon icon-large\"><\/span> <a href=\"https:\/\/axing.com\/dvb-t-empfang\/\" title=\"DVB-T\/T2-Empfang\" target=\"_self\">DVB-T\/T2-Empfang<\/a><\/h3><\/div><div class=\"space margin-b20\"><\/div> <\/article>\n<\/div>\n<div class=\"box five \">\n<article id=\"\" class=\"featured\" data-rt-animate=\"animate\" data-rt-animation-type=\"fadeIn\" data-rt-animation-group=\"single\"><div class=\"caption embedded \"><div class=\"featured_image_holder \"><a href=\"https:\/\/axing.com\/service\/axing-hilft\/verteilung-von-multimedia\/\" title=\"SMARTSolutions\" target=\"_self\"><img decoding=\"async\" loading=\"lazy\" src=\"https:\/\/axing.com\/wp-content\/uploads\/2015\/09\/AXHilft_SMS.png\" alt=\"\" \/><\/a><\/div> <h3 class=\"featured_article_title \"><span class=\"icon-right-open  heading_icon icon-large\"><\/span> <a href=\"https:\/\/axing.com\/service\/axing-hilft\/verteilung-von-multimedia\/\" title=\"SMARTSolutions\" target=\"_self\">SMARTSolutions<\/a><\/h3><\/div><div class=\"space margin-b20\"><\/div> <\/article>\n<\/div>\n<div class=\"box five \">\n<article id=\"\" class=\"featured\" data-rt-animate=\"animate\" data-rt-animation-type=\"fadeIn\" data-rt-animation-group=\"single\"><div class=\"caption embedded \"><div class=\"featured_image_holder \"><a href=\"https:\/\/axing.com\/service\/axing-hilft\/zubehoer-von-axing\/\" title=\"Zubeh\u00f6r\" target=\"_self\"><img decoding=\"async\" loading=\"lazy\" src=\"https:\/\/axing.com\/wp-content\/uploads\/2015\/09\/AXHilft_Zubehoer.png\" alt=\"\" \/><\/a><\/div> <h3 class=\"featured_article_title \"><span class=\"icon-right-open  heading_icon icon-large\"><\/span> <a href=\"https:\/\/axing.com\/service\/axing-hilft\/zubehoer-von-axing\/\" title=\"Zubeh\u00f6r\" target=\"_self\">Zubeh\u00f6r<\/a><\/h3><\/div><div class=\"space margin-b20\"><\/div> <\/article>\n<\/div>\n<\/div>\n<p>&nbsp;<\/p>\n<p>&nbsp;<\/p>\n","protected":false},"excerpt":{"rendered":"<p>Die richtigen Produkte auszuw\u00e4hlen &#8211; einfacher als gedacht! &nbsp; &nbsp;<\/p>\n","protected":false},"author":1,"featured_media":0,"parent":4810,"menu_order":4,"comment_status":"closed","ping_status":"closed","template":"","meta":{"footnotes":""},"class_list":["post-4827","page","type-page","status-publish","hentry"],"yoast_head":"<!-- This site is optimized with the Yoast SEO plugin v26.2 - https:\/\/yoast.com\/wordpress\/plugins\/seo\/ -->\n<title>AXING hilft - AXING AG<\/title>\n<meta name=\"robots\" content=\"index, follow, max-snippet:-1, max-image-preview:large, max-video-preview:-1\" \/>\n<link rel=\"canonical\" href=\"https:\/\/axing.com\/en\/service\/axing-hilft\/\" \/>\n<meta property=\"og:locale\" content=\"en_US\" \/>\n<meta property=\"og:type\" content=\"article\" \/>\n<meta property=\"og:title\" content=\"AXING hilft - AXING AG\" \/>\n<meta property=\"og:description\" content=\"Die richtigen Produkte auszuw\u00e4hlen &#8211; einfacher als gedacht! &nbsp; &nbsp;\" \/>\n<meta property=\"og:url\" content=\"https:\/\/axing.com\/en\/service\/axing-hilft\/\" \/>\n<meta property=\"og:site_name\" content=\"AXING AG\" \/>\n<meta property=\"article:modified_time\" content=\"2020-01-25T12:39:07+00:00\" \/>\n<meta property=\"og:image\" content=\"https:\/\/axing.com\/wp-content\/uploads\/2015\/09\/AXINGhilft-e1467053100947.png\" \/>\n\t<meta property=\"og:image:width\" content=\"330\" \/>\n\t<meta property=\"og:image:height\" content=\"554\" \/>\n\t<meta property=\"og:image:type\" content=\"image\/png\" \/>\n<meta name=\"twitter:card\" content=\"summary_large_image\" \/>\n<meta name=\"twitter:label1\" content=\"Est. reading time\" \/>\n\t<meta name=\"twitter:data1\" content=\"2 minutes\" \/>\n<script type=\"application\/ld+json\" class=\"yoast-schema-graph\">{\"@context\":\"https:\/\/schema.org\",\"@graph\":[{\"@type\":\"WebPage\",\"@id\":\"https:\/\/axing.com\/en\/service\/axing-hilft\/\",\"url\":\"https:\/\/axing.com\/en\/service\/axing-hilft\/\",\"name\":\"AXING hilft - AXING AG\",\"isPartOf\":{\"@id\":\"https:\/\/axing.com\/#website\"},\"primaryImageOfPage\":{\"@id\":\"https:\/\/axing.com\/en\/service\/axing-hilft\/#primaryimage\"},\"image\":{\"@id\":\"https:\/\/axing.com\/en\/service\/axing-hilft\/#primaryimage\"},\"thumbnailUrl\":\"https:\/\/axing.com\/wp-content\/uploads\/2015\/09\/AXINGhilft-e1467053100947-179x300.png\",\"datePublished\":\"2015-09-26T07:35:48+00:00\",\"dateModified\":\"2020-01-25T12:39:07+00:00\",\"breadcrumb\":{\"@id\":\"https:\/\/axing.com\/en\/service\/axing-hilft\/#breadcrumb\"},\"inLanguage\":\"en-US\",\"potentialAction\":[{\"@type\":\"ReadAction\",\"target\":[\"https:\/\/axing.com\/en\/service\/axing-hilft\/\"]}]},{\"@type\":\"ImageObject\",\"inLanguage\":\"en-US\",\"@id\":\"https:\/\/axing.com\/en\/service\/axing-hilft\/#primaryimage\",\"url\":\"https:\/\/axing.com\/wp-content\/uploads\/2015\/09\/AXINGhilft-e1467053100947-179x300.png\",\"contentUrl\":\"https:\/\/axing.com\/wp-content\/uploads\/2015\/09\/AXINGhilft-e1467053100947-179x300.png\"},{\"@type\":\"BreadcrumbList\",\"@id\":\"https:\/\/axing.com\/en\/service\/axing-hilft\/#breadcrumb\",\"itemListElement\":[{\"@type\":\"ListItem\",\"position\":1,\"name\":\"Startseite\",\"item\":\"https:\/\/axing.com\/en\/\"},{\"@type\":\"ListItem\",\"position\":2,\"name\":\"Service\",\"item\":\"https:\/\/axing.com\/en\/service\/\"},{\"@type\":\"ListItem\",\"position\":3,\"name\":\"AXING hilft\"}]},{\"@type\":\"WebSite\",\"@id\":\"https:\/\/axing.com\/#website\",\"url\":\"https:\/\/axing.com\/\",\"name\":\"AXING AG\",\"description\":\"Partnerschaft | Innovation | Qualit\u00e4t\",\"publisher\":{\"@id\":\"https:\/\/axing.com\/#organization\"},\"potentialAction\":[{\"@type\":\"SearchAction\",\"target\":{\"@type\":\"EntryPoint\",\"urlTemplate\":\"https:\/\/axing.com\/?s={search_term_string}\"},\"query-input\":{\"@type\":\"PropertyValueSpecification\",\"valueRequired\":true,\"valueName\":\"search_term_string\"}}],\"inLanguage\":\"en-US\"},{\"@type\":\"Organization\",\"@id\":\"https:\/\/axing.com\/#organization\",\"name\":\"AXING AG\",\"url\":\"https:\/\/axing.com\/\",\"logo\":{\"@type\":\"ImageObject\",\"inLanguage\":\"en-US\",\"@id\":\"https:\/\/axing.com\/#\/schema\/logo\/image\/\",\"url\":\"https:\/\/axing.com\/wp-content\/uploads\/2016\/01\/Logo_HiDPI.png\",\"contentUrl\":\"https:\/\/axing.com\/wp-content\/uploads\/2016\/01\/Logo_HiDPI.png\",\"width\":604,\"height\":100,\"caption\":\"AXING AG\"},\"image\":{\"@id\":\"https:\/\/axing.com\/#\/schema\/logo\/image\/\"}}]}<\/script>\n<!-- \/ Yoast SEO plugin. -->","yoast_head_json":{"title":"AXING hilft - AXING AG","robots":{"index":"index","follow":"follow","max-snippet":"max-snippet:-1","max-image-preview":"max-image-preview:large","max-video-preview":"max-video-preview:-1"},"canonical":"https:\/\/axing.com\/en\/service\/axing-hilft\/","og_locale":"en_US","og_type":"article","og_title":"AXING hilft - AXING AG","og_description":"Die richtigen Produkte auszuw\u00e4hlen &#8211; einfacher als gedacht! &nbsp; &nbsp;","og_url":"https:\/\/axing.com\/en\/service\/axing-hilft\/","og_site_name":"AXING AG","article_modified_time":"2020-01-25T12:39:07+00:00","og_image":[{"width":330,"height":554,"url":"https:\/\/axing.com\/wp-content\/uploads\/2015\/09\/AXINGhilft-e1467053100947.png","type":"image\/png"}],"twitter_card":"summary_large_image","twitter_misc":{"Est. reading time":"2 minutes"},"schema":{"@context":"https:\/\/schema.org","@graph":[{"@type":"WebPage","@id":"https:\/\/axing.com\/en\/service\/axing-hilft\/","url":"https:\/\/axing.com\/en\/service\/axing-hilft\/","name":"AXING hilft - AXING AG","isPartOf":{"@id":"https:\/\/axing.com\/#website"},"primaryImageOfPage":{"@id":"https:\/\/axing.com\/en\/service\/axing-hilft\/#primaryimage"},"image":{"@id":"https:\/\/axing.com\/en\/service\/axing-hilft\/#primaryimage"},"thumbnailUrl":"https:\/\/axing.com\/wp-content\/uploads\/2015\/09\/AXINGhilft-e1467053100947-179x300.png","datePublished":"2015-09-26T07:35:48+00:00","dateModified":"2020-01-25T12:39:07+00:00","breadcrumb":{"@id":"https:\/\/axing.com\/en\/service\/axing-hilft\/#breadcrumb"},"inLanguage":"en-US","potentialAction":[{"@type":"ReadAction","target":["https:\/\/axing.com\/en\/service\/axing-hilft\/"]}]},{"@type":"ImageObject","inLanguage":"en-US","@id":"https:\/\/axing.com\/en\/service\/axing-hilft\/#primaryimage","url":"https:\/\/axing.com\/wp-content\/uploads\/2015\/09\/AXINGhilft-e1467053100947-179x300.png","contentUrl":"https:\/\/axing.com\/wp-content\/uploads\/2015\/09\/AXINGhilft-e1467053100947-179x300.png"},{"@type":"BreadcrumbList","@id":"https:\/\/axing.com\/en\/service\/axing-hilft\/#breadcrumb","itemListElement":[{"@type":"ListItem","position":1,"name":"Startseite","item":"https:\/\/axing.com\/en\/"},{"@type":"ListItem","position":2,"name":"Service","item":"https:\/\/axing.com\/en\/service\/"},{"@type":"ListItem","position":3,"name":"AXING hilft"}]},{"@type":"WebSite","@id":"https:\/\/axing.com\/#website","url":"https:\/\/axing.com\/","name":"AXING AG","description":"Partnerschaft | Innovation | Qualit\u00e4t","publisher":{"@id":"https:\/\/axing.com\/#organization"},"potentialAction":[{"@type":"SearchAction","target":{"@type":"EntryPoint","urlTemplate":"https:\/\/axing.com\/?s={search_term_string}"},"query-input":{"@type":"PropertyValueSpecification","valueRequired":true,"valueName":"search_term_string"}}],"inLanguage":"en-US"},{"@type":"Organization","@id":"https:\/\/axing.com\/#organization","name":"AXING AG","url":"https:\/\/axing.com\/","logo":{"@type":"ImageObject","inLanguage":"en-US","@id":"https:\/\/axing.com\/#\/schema\/logo\/image\/","url":"https:\/\/axing.com\/wp-content\/uploads\/2016\/01\/Logo_HiDPI.png","contentUrl":"https:\/\/axing.com\/wp-content\/uploads\/2016\/01\/Logo_HiDPI.png","width":604,"height":100,"caption":"AXING AG"},"image":{"@id":"https:\/\/axing.com\/#\/schema\/logo\/image\/"}}]}},"_links":{"self":[{"href":"https:\/\/axing.com\/en\/wp-json\/wp\/v2\/pages\/4827","targetHints":{"allow":["GET"]}}],"collection":[{"href":"https:\/\/axing.com\/en\/wp-json\/wp\/v2\/pages"}],"about":[{"href":"https:\/\/axing.com\/en\/wp-json\/wp\/v2\/types\/page"}],"author":[{"embeddable":true,"href":"https:\/\/axing.com\/en\/wp-json\/wp\/v2\/users\/1"}],"replies":[{"embeddable":true,"href":"https:\/\/axing.com\/en\/wp-json\/wp\/v2\/comments?post=4827"}],"version-history":[{"count":2,"href":"https:\/\/axing.com\/en\/wp-json\/wp\/v2\/pages\/4827\/revisions"}],"predecessor-version":[{"id":29195,"href":"https:\/\/axing.com\/en\/wp-json\/wp\/v2\/pages\/4827\/revisions\/29195"}],"up":[{"embeddable":true,"href":"https:\/\/axing.com\/en\/wp-json\/wp\/v2\/pages\/4810"}],"wp:attachment":[{"href":"https:\/\/axing.com\/en\/wp-json\/wp\/v2\/media?parent=4827"}],"curies":[{"name":"wp","href":"https:\/\/api.w.org\/{rel}","templated":true}]}}