{"id":46620,"date":"2024-05-02T10:20:40","date_gmt":"2024-05-02T08:20:40","guid":{"rendered":"https:\/\/axing.com\/ccap\/"},"modified":"2024-08-23T10:30:25","modified_gmt":"2024-08-23T08:30:25","slug":"vecima","status":"publish","type":"page","link":"https:\/\/axing.com\/en\/produkte\/dccap\/vecima\/","title":{"rendered":"Vecima"},"content":{"rendered":"<h1>AXING und dev Systemtechnik sind Value Added Resellers der Vecima Networks Inc.<\/h1>\n<h4>AXING AG geht Partnerschaft mit Vecima Networks ein, um deren Entra\u00ae DAA-L\u00f6sungen an Kabelnetzbetreiber in Deutschland zu vermarkten.<\/h4>\n<div class=\"row clearfix\">\n<div class=\"box four \">\n<p><a href=\"https:\/\/axing.com\/wp-content\/uploads\/2024\/05\/Illu_SC1D2-1.png\"><img loading=\"lazy\" decoding=\"async\" class=\"alignnone size-full wp-image-46616\" src=\"https:\/\/axing.com\/wp-content\/uploads\/2024\/05\/Illu_SC1D2-1.png\" alt=\"\" width=\"800\" height=\"800\" srcset=\"https:\/\/axing.com\/wp-content\/uploads\/2024\/05\/Illu_SC1D2-1.png 800w, https:\/\/axing.com\/wp-content\/uploads\/2024\/05\/Illu_SC1D2-1-300x300.png 300w, https:\/\/axing.com\/wp-content\/uploads\/2024\/05\/Illu_SC1D2-1-150x150.png 150w, https:\/\/axing.com\/wp-content\/uploads\/2024\/05\/Illu_SC1D2-1-768x768.png 768w\" sizes=\"auto, (max-width: 800px) 100vw, 800px\" \/><\/a><\/p>\n<article id=\"\" class=\"featured\" data-rt-animate=\"animate\" data-rt-animation-type=\"fadeIn\" data-rt-animation-group=\"single\"><div class=\"caption embedded default_icon squared \"><div class=\"featured_image_holder \"><a href=\"https:\/\/download.axing.com\/dokumente\/INFO_DE\/AXING-Pressemitteilung_VecimaVAR_DE.pdf\" title=\"Pressemitteilung\" target=\"_new\"><img decoding=\"async\" loading=\"lazy\" src=\"https:\/\/axing.com\/wp-content\/uploads\/2015\/01\/Kachel_Download_230.png\" alt=\"\" \/><\/a><\/div> <h3 class=\"featured_article_title \"><span class=\"icon-right-open default_icon heading_icon icon-large\"><\/span> <a href=\"https:\/\/download.axing.com\/dokumente\/INFO_DE\/AXING-Pressemitteilung_VecimaVAR_DE.pdf\" title=\"Pressemitteilung\" target=\"_new\">Pressemitteilung<\/a><\/h3><\/div><div class=\"space margin-b20\"><\/div><\/article>\n<\/div>\n<div class=\"box two \">\n<p>Das Entra SC-1D Remote MACPHY Device von Vecima, ein Eckpfeiler der Entra DAA-Familie, wurde speziell f\u00fcr DAA-Anwendungen entwickelt. Es erm\u00f6glicht Betreibern, ihre Netzwerke auf eine verteilte, effiziente und skalierbare Architektur umzustellen. Das SC-1D vereinfacht das Netzwerkdesign und verbessert die betriebliche Effizienz, indem es die MAC- und PHY-Layer-Funktionen n\u00e4her an den Netzwerkrand verlagert und so die Latenzzeit reduziert und die Bandbreitenverf\u00fcgbarkeit erh\u00f6ht.<\/p>\n<p>Der Entra EN2112 Remote PHY Access Node ist ein kompakter Zwei-Port-Knoten mit hoher Dichte, der mit CCAP-Kernen (Converged Cable Access Platform) und virtuellen Kabelmodem-Abschlusssystemen (vCMTS) von Drittanbietern interoperabel ist und ein offenes, flexibles DAA-System bildet. Der EN2112 unterst\u00fctzt Architekturen, die die Glasfaser tiefer in das Netz hinein verl\u00e4ngern, und erm\u00f6glicht es den Betreibern, die vorhandene Kapazit\u00e4t des HFC-Netzes (Hybrid Fiber-Coaxial) zu optimieren und den Teilnehmern eine h\u00f6here Bandbreite zu bieten.<\/p>\n<\/div>\n<div class=\"box four \">\n<h3>Vorteile auf einen Blick:<\/h3>\n\t \n\t \n\t\t\n\t\t<ul class=\"with_icons default default_size\" data-rt-animation-group=\"group\">\n\t\t\n <li class=\"box one first last\" data-rt-animate=\"animate\" data-rt-animation-type=\"fadeInDown\"><span class=\"icon-ok icon\"><\/span> <p>Arbeitet als Remote-MACPHY<\/p><\/li>\n <li class=\"box one first last\" data-rt-animate=\"animate\" data-rt-animation-type=\"fadeInDown\"><span class=\"icon-ok icon\"><\/span> <p>Unterst\u00fctzt DOCSIS 3.0 und DOCSIS 3.1<\/p><\/li>\n <li class=\"box one first last\" data-rt-animate=\"animate\" data-rt-animation-type=\"fadeInDown\"><span class=\"icon-ok icon\"><\/span> <p>Unterst\u00fctzt bestehende Videodienste<\/p><\/li>\n <li class=\"box one first last\" data-rt-animate=\"animate\" data-rt-animation-type=\"fadeInDown\"><span class=\"icon-ok icon\"><\/span> <p>Bis zu vier Koaxialanschl\u00fcsse mit entsprechenden HF-Testanschl\u00fcssen,<\/p><\/li>\n <li class=\"box one first last\" data-rt-animate=\"animate\" data-rt-animation-type=\"fadeInDown\"><span class=\"icon-ok icon\"><\/span> <p>Hohe Kanalkapazit\u00e4t<\/p><\/li>\n\n\t\t<\/ul>\n\t\n<article id=\"\" class=\"featured\" data-rt-animate=\"animate\" data-rt-animation-type=\"fadeIn\" data-rt-animation-group=\"single\"><div class=\"caption embedded default_icon squared \"><div class=\"featured_image_holder \"><a href=\"https:\/\/download.axing.com\/dokumente\/SC-1D-Entra-Access-Node.pdf\" title=\"Entra SC-1D\" target=\"_new\"><img decoding=\"async\" loading=\"lazy\" src=\"https:\/\/axing.com\/wp-content\/uploads\/2015\/01\/Kachel_Download_230.png\" alt=\"\" \/><\/a><\/div> <h3 class=\"featured_article_title \"><span class=\"icon-right-open default_icon heading_icon icon-large\"><\/span> <a href=\"https:\/\/download.axing.com\/dokumente\/SC-1D-Entra-Access-Node.pdf\" title=\"Entra SC-1D\" target=\"_new\">Entra SC-1D<\/a><\/h3><\/div><div class=\"space margin-b20\"><\/div><\/article>\n<article id=\"\" class=\"featured\" data-rt-animate=\"animate\" data-rt-animation-type=\"fadeIn\" data-rt-animation-group=\"single\"><div class=\"caption embedded default_icon squared \"><div class=\"featured_image_holder \"><a href=\"https:\/\/download.axing.com\/dokumente\/EN2112-Entra-Access-Node.pdf\" title=\"Entra EN2112\" target=\"_new\"><img decoding=\"async\" loading=\"lazy\" src=\"https:\/\/axing.com\/wp-content\/uploads\/2015\/01\/Kachel_Download_230.png\" alt=\"\" \/><\/a><\/div> <h3 class=\"featured_article_title \"><span class=\"icon-right-open default_icon heading_icon icon-large\"><\/span> <a href=\"https:\/\/download.axing.com\/dokumente\/EN2112-Entra-Access-Node.pdf\" title=\"Entra EN2112\" target=\"_new\">Entra EN2112<\/a><\/h3><\/div><div class=\"space margin-b20\"><\/div><\/article>\n<\/div>\n<\/div>\n","protected":false},"excerpt":{"rendered":"<p>AXING und dev Systemtechnik sind Value Added Resellers der Vecima Networks Inc. AXING AG geht Partnerschaft mit Vecima Networks ein, um deren Entra\u00ae DAA-L\u00f6sungen an Kabelnetzbetreiber in Deutschland zu vermarkten.<\/p>\n","protected":false},"author":1,"featured_media":0,"parent":47099,"menu_order":1,"comment_status":"closed","ping_status":"closed","template":"","meta":{"footnotes":""},"class_list":["post-46620","page","type-page","status-publish","hentry"],"yoast_head":"<!-- This site is optimized with the Yoast SEO plugin v26.2 - https:\/\/yoast.com\/wordpress\/plugins\/seo\/ -->\n<title>Vecima - AXING AG<\/title>\n<meta name=\"robots\" content=\"index, follow, max-snippet:-1, max-image-preview:large, max-video-preview:-1\" \/>\n<link rel=\"canonical\" href=\"https:\/\/axing.com\/en\/produkte\/dccap\/vecima\/\" \/>\n<meta property=\"og:locale\" content=\"en_US\" \/>\n<meta property=\"og:type\" content=\"article\" \/>\n<meta property=\"og:title\" content=\"Vecima - AXING AG\" \/>\n<meta property=\"og:description\" content=\"AXING und dev Systemtechnik sind Value Added Resellers der Vecima Networks Inc. AXING AG geht Partnerschaft mit Vecima Networks ein, um deren Entra\u00ae DAA-L\u00f6sungen an Kabelnetzbetreiber in Deutschland zu vermarkten.\" \/>\n<meta property=\"og:url\" content=\"https:\/\/axing.com\/en\/produkte\/dccap\/vecima\/\" \/>\n<meta property=\"og:site_name\" content=\"AXING AG\" \/>\n<meta property=\"article:modified_time\" content=\"2024-08-23T08:30:25+00:00\" \/>\n<meta property=\"og:image\" content=\"https:\/\/axing.com\/wp-content\/uploads\/2024\/05\/Illu_SC1D2-1.png\" \/>\n<meta name=\"twitter:card\" content=\"summary_large_image\" \/>\n<meta name=\"twitter:label1\" content=\"Est. reading time\" \/>\n\t<meta name=\"twitter:data1\" content=\"2 minutes\" \/>\n<script type=\"application\/ld+json\" class=\"yoast-schema-graph\">{\"@context\":\"https:\/\/schema.org\",\"@graph\":[{\"@type\":\"WebPage\",\"@id\":\"https:\/\/axing.com\/en\/produkte\/dccap\/vecima\/\",\"url\":\"https:\/\/axing.com\/en\/produkte\/dccap\/vecima\/\",\"name\":\"Vecima - AXING AG\",\"isPartOf\":{\"@id\":\"https:\/\/axing.com\/#website\"},\"primaryImageOfPage\":{\"@id\":\"https:\/\/axing.com\/en\/produkte\/dccap\/vecima\/#primaryimage\"},\"image\":{\"@id\":\"https:\/\/axing.com\/en\/produkte\/dccap\/vecima\/#primaryimage\"},\"thumbnailUrl\":\"https:\/\/axing.com\/wp-content\/uploads\/2024\/05\/Illu_SC1D2-1.png\",\"datePublished\":\"2024-05-02T08:20:40+00:00\",\"dateModified\":\"2024-08-23T08:30:25+00:00\",\"breadcrumb\":{\"@id\":\"https:\/\/axing.com\/en\/produkte\/dccap\/vecima\/#breadcrumb\"},\"inLanguage\":\"en-US\",\"potentialAction\":[{\"@type\":\"ReadAction\",\"target\":[\"https:\/\/axing.com\/en\/produkte\/dccap\/vecima\/\"]}]},{\"@type\":\"ImageObject\",\"inLanguage\":\"en-US\",\"@id\":\"https:\/\/axing.com\/en\/produkte\/dccap\/vecima\/#primaryimage\",\"url\":\"https:\/\/axing.com\/wp-content\/uploads\/2024\/05\/Illu_SC1D2-1.png\",\"contentUrl\":\"https:\/\/axing.com\/wp-content\/uploads\/2024\/05\/Illu_SC1D2-1.png\"},{\"@type\":\"BreadcrumbList\",\"@id\":\"https:\/\/axing.com\/en\/produkte\/dccap\/vecima\/#breadcrumb\",\"itemListElement\":[{\"@type\":\"ListItem\",\"position\":1,\"name\":\"Startseite\",\"item\":\"https:\/\/axing.com\/en\/\"},{\"@type\":\"ListItem\",\"position\":2,\"name\":\"Products\",\"item\":\"https:\/\/axing.com\/en\/produkte\/\"},{\"@type\":\"ListItem\",\"position\":3,\"name\":\"DCCAP\",\"item\":\"https:\/\/axing.com\/en\/produkte\/dccap\/\"},{\"@type\":\"ListItem\",\"position\":4,\"name\":\"Vecima\"}]},{\"@type\":\"WebSite\",\"@id\":\"https:\/\/axing.com\/#website\",\"url\":\"https:\/\/axing.com\/\",\"name\":\"AXING AG\",\"description\":\"Partnerschaft | Innovation | Qualit\u00e4t\",\"publisher\":{\"@id\":\"https:\/\/axing.com\/#organization\"},\"potentialAction\":[{\"@type\":\"SearchAction\",\"target\":{\"@type\":\"EntryPoint\",\"urlTemplate\":\"https:\/\/axing.com\/?s={search_term_string}\"},\"query-input\":{\"@type\":\"PropertyValueSpecification\",\"valueRequired\":true,\"valueName\":\"search_term_string\"}}],\"inLanguage\":\"en-US\"},{\"@type\":\"Organization\",\"@id\":\"https:\/\/axing.com\/#organization\",\"name\":\"AXING AG\",\"url\":\"https:\/\/axing.com\/\",\"logo\":{\"@type\":\"ImageObject\",\"inLanguage\":\"en-US\",\"@id\":\"https:\/\/axing.com\/#\/schema\/logo\/image\/\",\"url\":\"https:\/\/axing.com\/wp-content\/uploads\/2016\/01\/Logo_HiDPI.png\",\"contentUrl\":\"https:\/\/axing.com\/wp-content\/uploads\/2016\/01\/Logo_HiDPI.png\",\"width\":604,\"height\":100,\"caption\":\"AXING AG\"},\"image\":{\"@id\":\"https:\/\/axing.com\/#\/schema\/logo\/image\/\"}}]}<\/script>\n<!-- \/ Yoast SEO plugin. -->","yoast_head_json":{"title":"Vecima - AXING AG","robots":{"index":"index","follow":"follow","max-snippet":"max-snippet:-1","max-image-preview":"max-image-preview:large","max-video-preview":"max-video-preview:-1"},"canonical":"https:\/\/axing.com\/en\/produkte\/dccap\/vecima\/","og_locale":"en_US","og_type":"article","og_title":"Vecima - AXING AG","og_description":"AXING und dev Systemtechnik sind Value Added Resellers der Vecima Networks Inc. AXING AG geht Partnerschaft mit Vecima Networks ein, um deren Entra\u00ae DAA-L\u00f6sungen an Kabelnetzbetreiber in Deutschland zu vermarkten.","og_url":"https:\/\/axing.com\/en\/produkte\/dccap\/vecima\/","og_site_name":"AXING AG","article_modified_time":"2024-08-23T08:30:25+00:00","og_image":[{"url":"https:\/\/axing.com\/wp-content\/uploads\/2024\/05\/Illu_SC1D2-1.png","type":"","width":"","height":""}],"twitter_card":"summary_large_image","twitter_misc":{"Est. reading time":"2 minutes"},"schema":{"@context":"https:\/\/schema.org","@graph":[{"@type":"WebPage","@id":"https:\/\/axing.com\/en\/produkte\/dccap\/vecima\/","url":"https:\/\/axing.com\/en\/produkte\/dccap\/vecima\/","name":"Vecima - AXING AG","isPartOf":{"@id":"https:\/\/axing.com\/#website"},"primaryImageOfPage":{"@id":"https:\/\/axing.com\/en\/produkte\/dccap\/vecima\/#primaryimage"},"image":{"@id":"https:\/\/axing.com\/en\/produkte\/dccap\/vecima\/#primaryimage"},"thumbnailUrl":"https:\/\/axing.com\/wp-content\/uploads\/2024\/05\/Illu_SC1D2-1.png","datePublished":"2024-05-02T08:20:40+00:00","dateModified":"2024-08-23T08:30:25+00:00","breadcrumb":{"@id":"https:\/\/axing.com\/en\/produkte\/dccap\/vecima\/#breadcrumb"},"inLanguage":"en-US","potentialAction":[{"@type":"ReadAction","target":["https:\/\/axing.com\/en\/produkte\/dccap\/vecima\/"]}]},{"@type":"ImageObject","inLanguage":"en-US","@id":"https:\/\/axing.com\/en\/produkte\/dccap\/vecima\/#primaryimage","url":"https:\/\/axing.com\/wp-content\/uploads\/2024\/05\/Illu_SC1D2-1.png","contentUrl":"https:\/\/axing.com\/wp-content\/uploads\/2024\/05\/Illu_SC1D2-1.png"},{"@type":"BreadcrumbList","@id":"https:\/\/axing.com\/en\/produkte\/dccap\/vecima\/#breadcrumb","itemListElement":[{"@type":"ListItem","position":1,"name":"Startseite","item":"https:\/\/axing.com\/en\/"},{"@type":"ListItem","position":2,"name":"Products","item":"https:\/\/axing.com\/en\/produkte\/"},{"@type":"ListItem","position":3,"name":"DCCAP","item":"https:\/\/axing.com\/en\/produkte\/dccap\/"},{"@type":"ListItem","position":4,"name":"Vecima"}]},{"@type":"WebSite","@id":"https:\/\/axing.com\/#website","url":"https:\/\/axing.com\/","name":"AXING AG","description":"Partnerschaft | Innovation | Qualit\u00e4t","publisher":{"@id":"https:\/\/axing.com\/#organization"},"potentialAction":[{"@type":"SearchAction","target":{"@type":"EntryPoint","urlTemplate":"https:\/\/axing.com\/?s={search_term_string}"},"query-input":{"@type":"PropertyValueSpecification","valueRequired":true,"valueName":"search_term_string"}}],"inLanguage":"en-US"},{"@type":"Organization","@id":"https:\/\/axing.com\/#organization","name":"AXING AG","url":"https:\/\/axing.com\/","logo":{"@type":"ImageObject","inLanguage":"en-US","@id":"https:\/\/axing.com\/#\/schema\/logo\/image\/","url":"https:\/\/axing.com\/wp-content\/uploads\/2016\/01\/Logo_HiDPI.png","contentUrl":"https:\/\/axing.com\/wp-content\/uploads\/2016\/01\/Logo_HiDPI.png","width":604,"height":100,"caption":"AXING AG"},"image":{"@id":"https:\/\/axing.com\/#\/schema\/logo\/image\/"}}]}},"_links":{"self":[{"href":"https:\/\/axing.com\/en\/wp-json\/wp\/v2\/pages\/46620","targetHints":{"allow":["GET"]}}],"collection":[{"href":"https:\/\/axing.com\/en\/wp-json\/wp\/v2\/pages"}],"about":[{"href":"https:\/\/axing.com\/en\/wp-json\/wp\/v2\/types\/page"}],"author":[{"embeddable":true,"href":"https:\/\/axing.com\/en\/wp-json\/wp\/v2\/users\/1"}],"replies":[{"embeddable":true,"href":"https:\/\/axing.com\/en\/wp-json\/wp\/v2\/comments?post=46620"}],"version-history":[{"count":8,"href":"https:\/\/axing.com\/en\/wp-json\/wp\/v2\/pages\/46620\/revisions"}],"predecessor-version":[{"id":47142,"href":"https:\/\/axing.com\/en\/wp-json\/wp\/v2\/pages\/46620\/revisions\/47142"}],"up":[{"embeddable":true,"href":"https:\/\/axing.com\/en\/wp-json\/wp\/v2\/pages\/47099"}],"wp:attachment":[{"href":"https:\/\/axing.com\/en\/wp-json\/wp\/v2\/media?parent=46620"}],"curies":[{"name":"wp","href":"https:\/\/api.w.org\/{rel}","templated":true}]}}