{"id":21681,"date":"2016-09-25T12:15:00","date_gmt":"2016-09-25T12:15:00","guid":{"rendered":"https:\/\/axing.com\/en\/uber-uns\/sales-germany\/"},"modified":"2023-09-01T11:30:37","modified_gmt":"2023-09-01T09:30:37","slug":"sales-germany","status":"publish","type":"page","link":"https:\/\/axing.com\/en\/uber-uns\/sales-germany\/","title":{"rendered":"Sales Germany"},"content":{"rendered":"<h1>Sales Germany<\/h1>\n<div class=\"row clearfix\">\n\t\t\t\t<div class=\"box three \">\n\t\t\t\t\t<div id=\"mzgr-google-maps-ger-search\">\n\t\t\t\t\t\t<select id=\"mzgr-google-maps-ger-search-select\" style=\"width: 49%;\">\n\t\t\t\t\t\t\t<option value=\"\">All Areas<\/option>\n\t\t\t\t\t\t\t<option value=\"A\" data-koordinaten=\"52.65038,10.47612\" data-zoom=\"7\">A Nord<\/option>\n\t\t\t\t\t\t\t<option value=\"B\" data-koordinaten=\"51.5735, 8.47438\" data-zoom=\"7\">B Middle west<\/option>\n\t\t\t\t\t\t\t<option value=\"C\" data-koordinaten=\"49.230321, 10.253555\" data-zoom=\"7\">C S\u00fcd<\/option>\n\t\t\t\t\t\t\t<option value=\"D\" data-koordinaten=\"51.22064, 12.65625\" data-zoom=\"7\">D Mitte-Ost<\/option>\n\t\t\t\t\t\t<\/select>\n\t\t\t\t\t\t<input style=\"width: 49%;\" type=\"text\" value=\"\" id=\"mzgr-google-maps-ger-search-text\" placeholder=\"Enter zipcode...\">\n\t\t\t\t\t\t<div id=\"mzgr-google-maps-ger-result-list\"><div class=\"country A 16 17 18 19 20 21 22 23 24 25 26 27 28 29 30 311 312 313 38 39 49 \n\" data-country=\"A\"><h3><img decoding=\"async\" style=\"float: right; width: 35%;\" src=\"https:\/\/axing.com\/wp-content\/uploads\/2017\/01\/V_FlorianLenzner-225x300.png\" alt=\"\"><a href=\"#\" class=\"show-contact-on-map\">Florian Lenzner Gebietsleiter Nord<\/a><\/h3><table class=\"mzgr-map-table\"><tr><td>Phone:<\/td><td>04544 8907192<\/td><\/tr><tr><td>Fax:<\/td><td>04544 8907193<\/td><\/tr><tr><td>Mobil:<\/td><td>0172 402 44 65<\/td><\/tr><tr><td>E-Mail:<\/td><td><a href=\"mailto:f&#46;&#108;&#101;nzne&#114;&#64;axi&#110;&#103;.&#99;&#111;m\"  class=\"mail-link\">Write email<\/a><\/td><\/tr><\/table><br\/><br\/><div style=\"clear:both;\"><\/div><hr><\/div><div class=\"country B 310 315 316 317 318 32 33 34 35 37 40 41 42 43 44 45 46 47 48 50 51 52 53 54 55 56 57 58 59 60 61 63 64 65 66  \n\" data-country=\"B\"><h3><img decoding=\"async\" style=\"float: right; width: 35%;\" src=\"https:\/\/axing.com\/wp-content\/uploads\/2017\/01\/V_J\u00f6rgKoether-1-225x300.png\" alt=\"\"><a href=\"#\" class=\"show-contact-on-map\">J\u00f6rg K\u00f6ther Gebietsleiter Mitte-West<\/a><\/h3><table class=\"mzgr-map-table\"><tr><td>Phone:<\/td><td>02304 2428099<\/td><\/tr><tr><td>Mobil:<\/td><td>0171 5303060<\/td><\/tr><tr><td>E-Mail:<\/td><td><a href=\"mailto:&#106;.&#107;o&#101;&#116;her&#64;&#97;&#120;&#105;n&#103;&#46;&#99;&#111;m\"  class=\"mail-link\">Write email<\/a><\/td><\/tr><\/table><br\/><br\/><div style=\"clear:both;\"><\/div><hr><\/div><div class=\"country C 67 68 69 70 71 72 73 74 75 76 77 78 79 88 80 81 82 83 84 85 86 87 89 90 91 92 93 94 \n\" data-country=\"C\"><h3><img decoding=\"async\" style=\"float: right; width: 35%;\" src=\"https:\/\/axing.com\/wp-content\/uploads\/2017\/01\/V_J\u00f6rgKoether-1-225x300.png\" alt=\"\"><a href=\"#\" class=\"show-contact-on-map\">J\u00f6rg K\u00f6ther Interims-Gebietsleiter S\u00fcd<\/a><\/h3><table class=\"mzgr-map-table\"><tr><td>Phone:<\/td><td>02304 2428099<\/td><\/tr><tr><td>Mobil:<\/td><td>0171 5303060<\/td><\/tr><tr><td>E-Mail:<\/td><td><a href=\"mailto:j.k&#111;e&#116;&#104;&#101;r&#64;a&#120;i&#110;&#103;.c&#111;m\"  class=\"mail-link\">Write email<\/a><\/td><\/tr><\/table><br\/><br\/><div style=\"clear:both;\"><\/div><hr><\/div><div class=\"country D 01 02 03 04 06 07 08 09 10 11 12 13 14 15 95 96 97 99 98 36\n\" data-country=\"D\"><h3><img decoding=\"async\" style=\"float: right; width: 35%;\" src=\"https:\/\/axing.com\/wp-content\/uploads\/2017\/01\/V_HolgerKuhfs-225x300.png\" alt=\"\"><a href=\"#\" class=\"show-contact-on-map\">Holger Kuhfs Gebietsleiter Mitte-Ost<\/a><\/h3><table class=\"mzgr-map-table\"><tr><td>Phone:<\/td><td>03546 89 25<\/td><\/tr><tr><td>Fax:<\/td><td>03546 89 93<\/td><\/tr><tr><td>Mobil:<\/td><td>0172 399 1220<\/td><\/tr><tr><td>E-Mail:<\/td><td><a href=\"mailto:h&#46;ku&#104;&#102;&#115;&#64;ax&#105;&#110;g&#46;co&#109;\"  class=\"mail-link\">Write email<\/a><\/td><\/tr><\/table><br\/><br\/><div style=\"clear:both;\"><\/div><hr><\/div><\/div>\n\t\t\t\t\t<\/div>\n\t\t\t\t<\/div>\n\t\t\t\t<div class=\"box two-three \">\n\t\t\t\t\t<div  id=\"mzgr-google-maps-ger\" class=\"mzgr-google-maps-right\" style=\"height: 600px; width: 100%;\" pattern=\"0-9{5}\"><\/div>\n\t\t\t\t<\/div>\n\t\t\t<\/div>\n<div class=\"clearfix\" style=\"height:20px\"><\/div>\n<div class=\"row clearfix\">\n<div class=\"box three \">\n<div class=\"country B 310 315 316 317 318 32 33 34 35 37 40 41 42 43 44 45 46 47 48 50 51 52 53 57 58 59\" data-country=\"B\">\n<h3 class=\"show-contact-on-map\" style=\"cursor: pointer;\">J\u00f6rg K\u00f6ther<br \/>\nBusiness Development Manager IPTV<\/h3>\n<\/div>\n<p><a href=\"https:\/\/axing.com\/wp-content\/uploads\/2023\/09\/JoergKoether.png\"><img loading=\"lazy\" decoding=\"async\" class=\"alignnone size-full wp-image-45405\" src=\"https:\/\/axing.com\/wp-content\/uploads\/2023\/09\/JoergKoether.png\" alt=\"\" width=\"154\" height=\"205\" \/><\/a><\/p>\n<p>Mobile: +49 171 5303060<br \/>\nE-Mail:\u00a0<a class=\"mail-link\" href=\"mailto:j.koether@axing.com\">E-Mail schreiben<\/a><\/p>\n<\/div>\n<div class=\"box three \">\n<div class=\"country E 01 02 03 04 06 07 08 09 99 98 364\" data-country=\"D\">\n<h3 class=\"show-contact-on-map\" style=\"cursor: pointer;\">Holger Kuhfs<br \/>\nSales Specialist Optics<\/h3>\n<\/div>\n<p><a href=\"https:\/\/axing.com\/wp-content\/uploads\/2023\/09\/HolgerKuhfs.png\"><img loading=\"lazy\" decoding=\"async\" class=\"alignnone size-full wp-image-45408\" src=\"https:\/\/axing.com\/wp-content\/uploads\/2023\/09\/HolgerKuhfs.png\" alt=\"\" width=\"154\" height=\"205\" \/><\/a><\/p>\n<p>Mobile: +49 172 399 1220<br \/>\nE-Mail:\u00a0<a class=\"mail-link\" href=\"mailto:h.kuhfs@axing.com\">E-Mail schreiben<\/a><\/p>\n<\/div>\n<div class=\"box three \">\n<h3>Falk Hanke<br \/>\nProject and system sales D-A-CH<br \/>\n<a href=\"https:\/\/axing.com\/wp-content\/uploads\/2023\/09\/FalkHanke.png\"><img loading=\"lazy\" decoding=\"async\" class=\"alignnone size-full wp-image-45414\" src=\"https:\/\/axing.com\/wp-content\/uploads\/2023\/09\/FalkHanke.png\" alt=\"\" width=\"154\" height=\"220\" \/><\/a><\/h3>\n<p>E-Mail:\u00a0<a href=\"mailto:f.hanke@axing.com\">E-Mail schreiben<\/a><br \/>\n<\/div>\n<\/div>\n","protected":false},"excerpt":{"rendered":"<p>Sales Germany<\/p>\n","protected":false},"author":1,"featured_media":0,"parent":484,"menu_order":7,"comment_status":"closed","ping_status":"open","template":"","meta":{"footnotes":""},"class_list":["post-21681","page","type-page","status-publish","hentry"],"yoast_head":"<!-- This site is optimized with the Yoast SEO plugin v26.2 - https:\/\/yoast.com\/wordpress\/plugins\/seo\/ -->\n<title>Sales Germany - AXING AG<\/title>\n<meta name=\"robots\" content=\"index, follow, max-snippet:-1, max-image-preview:large, max-video-preview:-1\" \/>\n<link rel=\"canonical\" href=\"https:\/\/axing.com\/en\/uber-uns\/sales-germany\/\" \/>\n<meta property=\"og:locale\" content=\"en_US\" \/>\n<meta property=\"og:type\" content=\"article\" \/>\n<meta property=\"og:title\" content=\"Sales Germany - AXING AG\" \/>\n<meta property=\"og:description\" content=\"Sales Germany\" \/>\n<meta property=\"og:url\" content=\"https:\/\/axing.com\/en\/uber-uns\/sales-germany\/\" \/>\n<meta property=\"og:site_name\" content=\"AXING AG\" \/>\n<meta property=\"article:modified_time\" content=\"2023-09-01T09:30:37+00:00\" \/>\n<meta property=\"og:image\" content=\"https:\/\/axing.com\/wp-content\/uploads\/2023\/09\/JoergKoether.png\" \/>\n<meta name=\"twitter:card\" content=\"summary_large_image\" \/>\n<script type=\"application\/ld+json\" class=\"yoast-schema-graph\">{\"@context\":\"https:\/\/schema.org\",\"@graph\":[{\"@type\":\"WebPage\",\"@id\":\"https:\/\/axing.com\/en\/uber-uns\/sales-germany\/\",\"url\":\"https:\/\/axing.com\/en\/uber-uns\/sales-germany\/\",\"name\":\"Sales Germany - AXING AG\",\"isPartOf\":{\"@id\":\"https:\/\/axing.com\/#website\"},\"primaryImageOfPage\":{\"@id\":\"https:\/\/axing.com\/en\/uber-uns\/sales-germany\/#primaryimage\"},\"image\":{\"@id\":\"https:\/\/axing.com\/en\/uber-uns\/sales-germany\/#primaryimage\"},\"thumbnailUrl\":\"https:\/\/axing.com\/wp-content\/uploads\/2023\/09\/JoergKoether.png\",\"datePublished\":\"2016-09-25T12:15:00+00:00\",\"dateModified\":\"2023-09-01T09:30:37+00:00\",\"breadcrumb\":{\"@id\":\"https:\/\/axing.com\/en\/uber-uns\/sales-germany\/#breadcrumb\"},\"inLanguage\":\"en-US\",\"potentialAction\":[{\"@type\":\"ReadAction\",\"target\":[\"https:\/\/axing.com\/en\/uber-uns\/sales-germany\/\"]}]},{\"@type\":\"ImageObject\",\"inLanguage\":\"en-US\",\"@id\":\"https:\/\/axing.com\/en\/uber-uns\/sales-germany\/#primaryimage\",\"url\":\"https:\/\/axing.com\/wp-content\/uploads\/2023\/09\/JoergKoether.png\",\"contentUrl\":\"https:\/\/axing.com\/wp-content\/uploads\/2023\/09\/JoergKoether.png\"},{\"@type\":\"BreadcrumbList\",\"@id\":\"https:\/\/axing.com\/en\/uber-uns\/sales-germany\/#breadcrumb\",\"itemListElement\":[{\"@type\":\"ListItem\",\"position\":1,\"name\":\"Startseite\",\"item\":\"https:\/\/axing.com\/en\/\"},{\"@type\":\"ListItem\",\"position\":2,\"name\":\"About us\",\"item\":\"https:\/\/axing.com\/en\/uber-uns\/\"},{\"@type\":\"ListItem\",\"position\":3,\"name\":\"Sales Germany\"}]},{\"@type\":\"WebSite\",\"@id\":\"https:\/\/axing.com\/#website\",\"url\":\"https:\/\/axing.com\/\",\"name\":\"AXING AG\",\"description\":\"Partnerschaft | Innovation | Qualit\u00e4t\",\"publisher\":{\"@id\":\"https:\/\/axing.com\/#organization\"},\"potentialAction\":[{\"@type\":\"SearchAction\",\"target\":{\"@type\":\"EntryPoint\",\"urlTemplate\":\"https:\/\/axing.com\/?s={search_term_string}\"},\"query-input\":{\"@type\":\"PropertyValueSpecification\",\"valueRequired\":true,\"valueName\":\"search_term_string\"}}],\"inLanguage\":\"en-US\"},{\"@type\":\"Organization\",\"@id\":\"https:\/\/axing.com\/#organization\",\"name\":\"AXING AG\",\"url\":\"https:\/\/axing.com\/\",\"logo\":{\"@type\":\"ImageObject\",\"inLanguage\":\"en-US\",\"@id\":\"https:\/\/axing.com\/#\/schema\/logo\/image\/\",\"url\":\"https:\/\/axing.com\/wp-content\/uploads\/2016\/01\/Logo_HiDPI.png\",\"contentUrl\":\"https:\/\/axing.com\/wp-content\/uploads\/2016\/01\/Logo_HiDPI.png\",\"width\":604,\"height\":100,\"caption\":\"AXING AG\"},\"image\":{\"@id\":\"https:\/\/axing.com\/#\/schema\/logo\/image\/\"}}]}<\/script>\n<!-- \/ Yoast SEO plugin. -->","yoast_head_json":{"title":"Sales Germany - AXING AG","robots":{"index":"index","follow":"follow","max-snippet":"max-snippet:-1","max-image-preview":"max-image-preview:large","max-video-preview":"max-video-preview:-1"},"canonical":"https:\/\/axing.com\/en\/uber-uns\/sales-germany\/","og_locale":"en_US","og_type":"article","og_title":"Sales Germany - AXING AG","og_description":"Sales Germany","og_url":"https:\/\/axing.com\/en\/uber-uns\/sales-germany\/","og_site_name":"AXING AG","article_modified_time":"2023-09-01T09:30:37+00:00","og_image":[{"url":"https:\/\/axing.com\/wp-content\/uploads\/2023\/09\/JoergKoether.png","type":"","width":"","height":""}],"twitter_card":"summary_large_image","schema":{"@context":"https:\/\/schema.org","@graph":[{"@type":"WebPage","@id":"https:\/\/axing.com\/en\/uber-uns\/sales-germany\/","url":"https:\/\/axing.com\/en\/uber-uns\/sales-germany\/","name":"Sales Germany - AXING AG","isPartOf":{"@id":"https:\/\/axing.com\/#website"},"primaryImageOfPage":{"@id":"https:\/\/axing.com\/en\/uber-uns\/sales-germany\/#primaryimage"},"image":{"@id":"https:\/\/axing.com\/en\/uber-uns\/sales-germany\/#primaryimage"},"thumbnailUrl":"https:\/\/axing.com\/wp-content\/uploads\/2023\/09\/JoergKoether.png","datePublished":"2016-09-25T12:15:00+00:00","dateModified":"2023-09-01T09:30:37+00:00","breadcrumb":{"@id":"https:\/\/axing.com\/en\/uber-uns\/sales-germany\/#breadcrumb"},"inLanguage":"en-US","potentialAction":[{"@type":"ReadAction","target":["https:\/\/axing.com\/en\/uber-uns\/sales-germany\/"]}]},{"@type":"ImageObject","inLanguage":"en-US","@id":"https:\/\/axing.com\/en\/uber-uns\/sales-germany\/#primaryimage","url":"https:\/\/axing.com\/wp-content\/uploads\/2023\/09\/JoergKoether.png","contentUrl":"https:\/\/axing.com\/wp-content\/uploads\/2023\/09\/JoergKoether.png"},{"@type":"BreadcrumbList","@id":"https:\/\/axing.com\/en\/uber-uns\/sales-germany\/#breadcrumb","itemListElement":[{"@type":"ListItem","position":1,"name":"Startseite","item":"https:\/\/axing.com\/en\/"},{"@type":"ListItem","position":2,"name":"About us","item":"https:\/\/axing.com\/en\/uber-uns\/"},{"@type":"ListItem","position":3,"name":"Sales Germany"}]},{"@type":"WebSite","@id":"https:\/\/axing.com\/#website","url":"https:\/\/axing.com\/","name":"AXING AG","description":"Partnerschaft | Innovation | Qualit\u00e4t","publisher":{"@id":"https:\/\/axing.com\/#organization"},"potentialAction":[{"@type":"SearchAction","target":{"@type":"EntryPoint","urlTemplate":"https:\/\/axing.com\/?s={search_term_string}"},"query-input":{"@type":"PropertyValueSpecification","valueRequired":true,"valueName":"search_term_string"}}],"inLanguage":"en-US"},{"@type":"Organization","@id":"https:\/\/axing.com\/#organization","name":"AXING AG","url":"https:\/\/axing.com\/","logo":{"@type":"ImageObject","inLanguage":"en-US","@id":"https:\/\/axing.com\/#\/schema\/logo\/image\/","url":"https:\/\/axing.com\/wp-content\/uploads\/2016\/01\/Logo_HiDPI.png","contentUrl":"https:\/\/axing.com\/wp-content\/uploads\/2016\/01\/Logo_HiDPI.png","width":604,"height":100,"caption":"AXING AG"},"image":{"@id":"https:\/\/axing.com\/#\/schema\/logo\/image\/"}}]}},"_links":{"self":[{"href":"https:\/\/axing.com\/en\/wp-json\/wp\/v2\/pages\/21681","targetHints":{"allow":["GET"]}}],"collection":[{"href":"https:\/\/axing.com\/en\/wp-json\/wp\/v2\/pages"}],"about":[{"href":"https:\/\/axing.com\/en\/wp-json\/wp\/v2\/types\/page"}],"author":[{"embeddable":true,"href":"https:\/\/axing.com\/en\/wp-json\/wp\/v2\/users\/1"}],"replies":[{"embeddable":true,"href":"https:\/\/axing.com\/en\/wp-json\/wp\/v2\/comments?post=21681"}],"version-history":[{"count":10,"href":"https:\/\/axing.com\/en\/wp-json\/wp\/v2\/pages\/21681\/revisions"}],"predecessor-version":[{"id":45419,"href":"https:\/\/axing.com\/en\/wp-json\/wp\/v2\/pages\/21681\/revisions\/45419"}],"up":[{"embeddable":true,"href":"https:\/\/axing.com\/en\/wp-json\/wp\/v2\/pages\/484"}],"wp:attachment":[{"href":"https:\/\/axing.com\/en\/wp-json\/wp\/v2\/media?parent=21681"}],"curies":[{"name":"wp","href":"https:\/\/api.w.org\/{rel}","templated":true}]}}